{"id":10316,"date":"2024-11-20T11:57:30","date_gmt":"2024-11-20T09:57:30","guid":{"rendered":"https:\/\/litua.io\/cart-2\/"},"modified":"2024-11-20T11:57:30","modified_gmt":"2024-11-20T09:57:30","slug":"cart-2","status":"publish","type":"page","link":"https:\/\/litua.io\/lt\/cart-2\/","title":{"rendered":"Krep\u0161elis"},"content":{"rendered":"<div class=\"tutor-cart-page\">\n\t<div class=\"tutor-cart-page-wrapper\">\n\t\t<div class=\"tutor-container\">\n\t\t\t\t\t\t\t<div class=\"tutor-cart-empty-state\">\n\t\t\t\t\t<img decoding=\"async\" src=\"https:\/\/litua.io\/wp-content\/plugins\/tutor\/assets\/images\/empty-cart.svg\" alt=\"Empty shopping cart\" \/>\n\t\t\t\t\t<p>Krep\u0161elyje n\u0117ra kurs\u0173<\/p>\n\t\t\t\t\t<a href=\"https:\/\/litua.io\/lt\/spisok-kursov\/\" class=\"tutor-btn tutor-btn-lg tutor-btn-primary\">T\u0119sti nar\u0161ym\u0105<\/a>\n\t\t\t\t<\/div>\n\t\t\t\t\t<\/div>\n\t<\/div>\n<\/div>","protected":false},"excerpt":{"rendered":"<p>Krep\u0161elyje n\u0117ra kurs\u0173 T\u0119sti nar\u0161ym\u0105<\/p>","protected":false},"author":0,"featured_media":0,"parent":0,"menu_order":0,"comment_status":"closed","ping_status":"closed","template":"","meta":{"pmpro_default_level":"","_tutorstarter_page_metadata":[],"footnotes":""},"class_list":["post-10316","page","type-page","status-publish","hentry","pmpro-has-access"],"_links":{"self":[{"href":"https:\/\/litua.io\/lt\/wp-json\/wp\/v2\/pages\/10316","targetHints":{"allow":["GET"]}}],"collection":[{"href":"https:\/\/litua.io\/lt\/wp-json\/wp\/v2\/pages"}],"about":[{"href":"https:\/\/litua.io\/lt\/wp-json\/wp\/v2\/types\/page"}],"replies":[{"embeddable":true,"href":"https:\/\/litua.io\/lt\/wp-json\/wp\/v2\/comments?post=10316"}],"version-history":[{"count":0,"href":"https:\/\/litua.io\/lt\/wp-json\/wp\/v2\/pages\/10316\/revisions"}],"wp:attachment":[{"href":"https:\/\/litua.io\/lt\/wp-json\/wp\/v2\/media?parent=10316"}],"curies":[{"name":"wp","href":"https:\/\/api.w.org\/{rel}","templated":true}]}}