{"id":7404,"date":"2021-04-01T10:31:26","date_gmt":"2021-04-01T07:31:26","guid":{"rendered":"https:\/\/preview.tutorlms.com\/elementor-marketplace\/dashboard\/"},"modified":"2023-09-24T10:23:20","modified_gmt":"2023-09-24T07:23:20","slug":"dashboard","status":"publish","type":"page","link":"https:\/\/litua.io\/lt\/dashboard\/","title":{"rendered":"Prietais\u0173 skydelis"},"content":{"rendered":"Pra\u0161au <a data-login_url=\"\" href=\"#\" class=\"tutor-open-login-modal\">Prisijungti<\/a> nor\u0117dami per\u017ei\u016br\u0117ti \u0161\u012f puslap\u012f","protected":false},"excerpt":{"rendered":"<p>Nor\u0117dami per\u017ei\u016br\u0117ti \u0161\u012f puslap\u012f, prisijunkite<\/p>","protected":false},"author":1,"featured_media":0,"parent":0,"menu_order":0,"comment_status":"closed","ping_status":"closed","template":"","meta":{"pmpro_default_level":"","_tutorstarter_page_metadata":[],"footnotes":""},"class_list":["post-7404","page","type-page","status-publish","hentry","pmpro-has-access"],"_links":{"self":[{"href":"https:\/\/litua.io\/lt\/wp-json\/wp\/v2\/pages\/7404","targetHints":{"allow":["GET"]}}],"collection":[{"href":"https:\/\/litua.io\/lt\/wp-json\/wp\/v2\/pages"}],"about":[{"href":"https:\/\/litua.io\/lt\/wp-json\/wp\/v2\/types\/page"}],"author":[{"embeddable":true,"href":"https:\/\/litua.io\/lt\/wp-json\/wp\/v2\/users\/1"}],"replies":[{"embeddable":true,"href":"https:\/\/litua.io\/lt\/wp-json\/wp\/v2\/comments?post=7404"}],"version-history":[{"count":0,"href":"https:\/\/litua.io\/lt\/wp-json\/wp\/v2\/pages\/7404\/revisions"}],"wp:attachment":[{"href":"https:\/\/litua.io\/lt\/wp-json\/wp\/v2\/media?parent=7404"}],"curies":[{"name":"wp","href":"https:\/\/api.w.org\/{rel}","templated":true}]}}