{"id":7418,"date":"2023-07-07T12:56:08","date_gmt":"2023-07-07T09:56:08","guid":{"rendered":"https:\/\/litua.io\/index.php\/student-registration-page\/"},"modified":"2023-07-07T12:56:08","modified_gmt":"2023-07-07T09:56:08","slug":"student-registration-page","status":"publish","type":"page","link":"https:\/\/litua.io\/lt\/student-registration-page\/","title":{"rendered":"Student\u0173 registracijos puslapis"},"content":{"rendered":"<div class=\"tutor-disabled-wrapper\">\n\t<div class=\"tutor-disabled-content-wrapper\">\n\t\t\t\t\t<div>\n\t\t\t\t<center>\n\t\t\t\t\t<img decoding=\"async\" src=\"https:\/\/litua.io\/wp-content\/plugins\/tutor\/assets\/images\/construction.png\" alt=\"disabled\">\n\t\t\t\t<\/center>\n\t\t\t<\/div>\n\t\t\n\t\t<div>\n\t\t\t\t\t\t\t<h3>\n\t\t\t\t\tOi! Prieiga u\u017edrausta\t\t\t\t<\/h3>\n\t\t\t\n\t\t\t\t\t\t\t<p>\n\t\t\t\t\tJ\u016bs neturite prieigos prie \u0161ios programos srities. Pra\u0161ome kreiptis \u012f sistemos administratori\u0173.\t\t\t\t<\/p>\n\t\t\t\t\t<\/div>\n\n\t\t<div>\n\t\t\t\t\t\t\t<a href=\"https:\/\/litua.io\/lt\" class=\"tutor-btn\">\n\t\t\t\t\tEiti \u012f pagrindin\u012f puslap\u012f\t\t\t\t<\/a>\n\t\t\t\t\t<\/div>\n\t<\/div>\n<\/div>","protected":false},"excerpt":{"rendered":"<p>Oi! Prieiga u\u017edrausta. J\u016bs neturite prieigos prie \u0161ios programos srities. Kreipkit\u0117s \u012f sistemos administratori\u0173.<\/p>","protected":false},"author":3,"featured_media":0,"parent":0,"menu_order":0,"comment_status":"closed","ping_status":"closed","template":"","meta":{"pmpro_default_level":"","_tutorstarter_page_metadata":[],"footnotes":""},"class_list":["post-7418","page","type-page","status-publish","hentry","pmpro-has-access"],"_links":{"self":[{"href":"https:\/\/litua.io\/lt\/wp-json\/wp\/v2\/pages\/7418","targetHints":{"allow":["GET"]}}],"collection":[{"href":"https:\/\/litua.io\/lt\/wp-json\/wp\/v2\/pages"}],"about":[{"href":"https:\/\/litua.io\/lt\/wp-json\/wp\/v2\/types\/page"}],"author":[{"embeddable":true,"href":"https:\/\/litua.io\/lt\/wp-json\/wp\/v2\/users\/3"}],"replies":[{"embeddable":true,"href":"https:\/\/litua.io\/lt\/wp-json\/wp\/v2\/comments?post=7418"}],"version-history":[{"count":0,"href":"https:\/\/litua.io\/lt\/wp-json\/wp\/v2\/pages\/7418\/revisions"}],"wp:attachment":[{"href":"https:\/\/litua.io\/lt\/wp-json\/wp\/v2\/media?parent=7418"}],"curies":[{"name":"wp","href":"https:\/\/api.w.org\/{rel}","templated":true}]}}