{"id":9310,"date":"2023-09-17T18:05:11","date_gmt":"2023-09-17T15:05:11","guid":{"rendered":"https:\/\/litua.io\/?page_id=9310"},"modified":"2023-10-16T12:15:38","modified_gmt":"2023-10-16T09:15:38","slug":"%d0%bf%d0%be%d0%bb%d0%b5%d0%b7%d0%bd%d1%8b%d0%b5-%d1%81%d1%81%d1%8b%d0%bb%d0%ba%d0%b8-%d0%b2-%d1%81%d0%b2%d0%be%d0%b1%d0%be%d0%b4%d0%bd%d0%be%d0%bc-%d0%b4%d0%be%d1%81%d1%82%d1%83%d0%bf%d0%b5","status":"publish","type":"page","link":"https:\/\/litua.io\/lt\/%d0%bf%d0%be%d0%bb%d0%b5%d0%b7%d0%bd%d1%8b%d0%b5-%d1%81%d1%81%d1%8b%d0%bb%d0%ba%d0%b8-%d0%b2-%d1%81%d0%b2%d0%be%d0%b1%d0%be%d0%b4%d0%bd%d0%be%d0%bc-%d0%b4%d0%be%d1%81%d1%82%d1%83%d0%bf%d0%b5\/","title":{"rendered":"Naudingos nuorodos vie\u0161ai prieinamose erdv\u0117se"},"content":{"rendered":"<div data-elementor-type=\"wp-page\" data-elementor-id=\"9310\" class=\"elementor elementor-9310\" data-elementor-post-type=\"page\">\n\t\t\t\t\t\t<section class=\"elementor-section elementor-top-section elementor-element elementor-element-9b23f6c elementor-section-boxed elementor-section-height-default elementor-section-height-default\" data-id=\"9b23f6c\" data-element_type=\"section\" data-e-type=\"section\" data-settings=\"{&quot;background_background&quot;:&quot;classic&quot;}\">\n\t\t\t\t\t\t<div class=\"elementor-container elementor-column-gap-default\">\n\t\t\t\t\t<div class=\"elementor-column elementor-col-100 elementor-top-column elementor-element elementor-element-f078b5a\" data-id=\"f078b5a\" data-element_type=\"column\" data-e-type=\"column\">\n\t\t\t<div class=\"elementor-widget-wrap elementor-element-populated\">\n\t\t\t\t\t\t<div class=\"elementor-element elementor-element-28a96da elementor-widget elementor-widget-heading\" data-id=\"28a96da\" data-element_type=\"widget\" data-e-type=\"widget\" data-widget_type=\"heading.default\">\n\t\t\t\t\t<h2 class=\"elementor-heading-title elementor-size-default\">Papildoma med\u017eiaga<\/h2>\t\t\t\t<\/div>\n\t\t\t\t<div class=\"elementor-element elementor-element-5fbd2ec elementor-widget elementor-widget-text-editor\" data-id=\"5fbd2ec\" data-element_type=\"widget\" data-e-type=\"widget\" data-widget_type=\"text-editor.default\">\n\t\t\t\t\t\t\t\t\t<p>naudingos nuorodos<\/p>\t\t\t\t\t\t\t\t<\/div>\n\t\t\t\t\t<\/div>\n\t\t<\/div>\n\t\t\t\t\t<\/div>\n\t\t<\/section>\n\t\t<div class=\"elementor-element elementor-element-dda0ab4 e-flex e-con-boxed e-con e-parent\" data-id=\"dda0ab4\" data-element_type=\"container\" data-e-type=\"container\">\n\t\t\t\t\t<div class=\"e-con-inner\">\n\t\t\t\t<div class=\"elementor-element elementor-element-a1979b8 elementor-posts--align-left elementor-grid-3 elementor-grid-tablet-2 elementor-grid-mobile-1 elementor-posts--thumbnail-top elementor-posts--show-avatar elementor-card-shadow-yes elementor-posts__hover-gradient elementor-widget elementor-widget-posts\" data-id=\"a1979b8\" data-element_type=\"widget\" data-e-type=\"widget\" data-settings=\"{&quot;pagination_type&quot;:&quot;numbers&quot;,&quot;cards_columns&quot;:&quot;3&quot;,&quot;cards_columns_tablet&quot;:&quot;2&quot;,&quot;cards_columns_mobile&quot;:&quot;1&quot;,&quot;cards_row_gap&quot;:{&quot;unit&quot;:&quot;px&quot;,&quot;size&quot;:35,&quot;sizes&quot;:[]},&quot;cards_row_gap_tablet&quot;:{&quot;unit&quot;:&quot;px&quot;,&quot;size&quot;:&quot;&quot;,&quot;sizes&quot;:[]},&quot;cards_row_gap_mobile&quot;:{&quot;unit&quot;:&quot;px&quot;,&quot;size&quot;:&quot;&quot;,&quot;sizes&quot;:[]}}\" data-widget_type=\"posts.cards\">\n\t\t\t\t<div class=\"elementor-widget-container\">\n\t\t\t\t\t\t\t<div class=\"elementor-posts-container elementor-posts elementor-posts--skin-cards elementor-grid\" role=\"list\">\n\t\t\t\t<article class=\"elementor-post elementor-grid-item post-10259 post type-post status-publish format-standard has-post-thumbnail hentry category-uncategorized pmpro-has-access\" role=\"listitem\">\n\t\t\t<div class=\"elementor-post__card\">\n\t\t\t\t<a class=\"elementor-post__thumbnail__link\" href=\"https:\/\/litua.io\/lt\/%d0%b2%d0%b8%d1%80%d1%82%d1%83%d0%b0%d0%bb%d1%8c%d0%bd%d1%8b%d0%b9-%d0%bb%d0%b8%d1%82%d0%be%d0%b2%d1%81%d0%ba%d0%be-%d1%80%d1%83%d1%81%d1%81%d0%ba%d0%b8%d0%b9-%d0%b8-%d1%80%d1%83%d1%81%d1%81%d0%ba\/\" tabindex=\"-1\"><div class=\"elementor-post__thumbnail\"><img fetchpriority=\"high\" decoding=\"async\" width=\"300\" height=\"200\" src=\"https:\/\/litua.io\/wp-content\/uploads\/2024\/01\/pexels-tima-miroshnichenko-6549916-300x200.webp\" class=\"attachment-medium size-medium wp-image-10263\" alt=\"\u0420\u0443\u0441\u0441\u043a\u043e-\u043b\u0438\u0442\u043e\u0432\u0441\u043a\u0438\u0439 \u0441\u043b\u043e\u0432\u0430\u0440\u044c\" srcset=\"https:\/\/litua.io\/wp-content\/uploads\/2024\/01\/pexels-tima-miroshnichenko-6549916-300x200.webp 300w, https:\/\/litua.io\/wp-content\/uploads\/2024\/01\/pexels-tima-miroshnichenko-6549916-768x512.webp 768w, https:\/\/litua.io\/wp-content\/uploads\/2024\/01\/pexels-tima-miroshnichenko-6549916-600x400.webp 600w, https:\/\/litua.io\/wp-content\/uploads\/2024\/01\/pexels-tima-miroshnichenko-6549916-75x50.webp 75w, https:\/\/litua.io\/wp-content\/uploads\/2024\/01\/pexels-tima-miroshnichenko-6549916.webp 800w\" sizes=\"(max-width: 300px) 100vw, 300px\" \/><\/div><\/a>\n\t\t\t\t<div class=\"elementor-post__avatar\">\n\t\t\t<img alt='Asta Merk' src='https:\/\/secure.gravatar.com\/avatar\/bd49b60daf396750de9a7c6dcdef2aff9cfded6ea98afdd6b8e4021ba47e85c1?s=128&#038;d=mm&#038;r=g' srcset='https:\/\/secure.gravatar.com\/avatar\/bd49b60daf396750de9a7c6dcdef2aff9cfded6ea98afdd6b8e4021ba47e85c1?s=256&#038;d=mm&#038;r=g 2x' class='avatar avatar-128 photo' height='128' width='128' \/>\t\t<\/div>\n\t\t\t\t<div class=\"elementor-post__text\">\n\t\t\t\t<h3 class=\"elementor-post__title\">\n\t\t\t<a href=\"https:\/\/litua.io\/lt\/%d0%b2%d0%b8%d1%80%d1%82%d1%83%d0%b0%d0%bb%d1%8c%d0%bd%d1%8b%d0%b9-%d0%bb%d0%b8%d1%82%d0%be%d0%b2%d1%81%d0%ba%d0%be-%d1%80%d1%83%d1%81%d1%81%d0%ba%d0%b8%d0%b9-%d0%b8-%d1%80%d1%83%d1%81%d1%81%d0%ba\/\">\n\t\t\t\tVirtualus lietuvi\u0173-rus\u0173 ir rus\u0173-lietuvi\u0173 \u017eodynas\t\t\t<\/a>\n\t\t<\/h3>\n\t\t\t\t<div class=\"elementor-post__excerpt\">\n\t\t\t<p>Lietuvi\u0173\u2013rus\u0173 ir rus\u0173\u2013lietuvi\u0173 kalb\u0173 \u017eodyn\u0105 galite rasti \u010dia. \u012eved\u0119 \u017eod\u012f, matote ne tik vertim\u0105, bet da\u017enai ir<\/p>\n\t\t<\/div>\n\t\t\t\t\t<div class=\"elementor-post__read-more-wrapper\">\n\t\t\n\t\t<a class=\"elementor-post__read-more\" href=\"https:\/\/litua.io\/lt\/%d0%b2%d0%b8%d1%80%d1%82%d1%83%d0%b0%d0%bb%d1%8c%d0%bd%d1%8b%d0%b9-%d0%bb%d0%b8%d1%82%d0%be%d0%b2%d1%81%d0%ba%d0%be-%d1%80%d1%83%d1%81%d1%81%d0%ba%d0%b8%d0%b9-%d0%b8-%d1%80%d1%83%d1%81%d1%81%d0%ba\/\" aria-label=\"Skaitykite daugiau apie virtual\u0173 lietuvi\u0173-rus\u0173 ir rus\u0173-lietuvi\u0173 \u017eodyn\u0105\" tabindex=\"-1\">\n\t\t\tSkaityti daugiau \u00bb\t\t<\/a>\n\n\t\t\t\t\t<\/div>\n\t\t\t\t<\/div>\n\t\t\t\t\t<\/div>\n\t\t<\/article>\n\t\t\t\t<article class=\"elementor-post elementor-grid-item post-10111 post type-post status-publish format-standard has-post-thumbnail hentry category-uncategorized pmpro-has-access\" role=\"listitem\">\n\t\t\t<div class=\"elementor-post__card\">\n\t\t\t\t<a class=\"elementor-post__thumbnail__link\" href=\"https:\/\/litua.io\/lt\/%d1%82%d0%b5%d1%81%d1%82%d1%8b-a1-a2-b1-b2-c1-c2\/\" tabindex=\"-1\"><div class=\"elementor-post__thumbnail\"><img decoding=\"async\" width=\"300\" height=\"200\" src=\"https:\/\/litua.io\/wp-content\/uploads\/2023\/10\/pexels-karolina-grabowska-4195504-300x200.webp\" class=\"attachment-medium size-medium wp-image-10114\" alt=\"\u0422\u0435\u0441\u0442\u044b A1, A2, B1, B2, C1 C2\" srcset=\"https:\/\/litua.io\/wp-content\/uploads\/2023\/10\/pexels-karolina-grabowska-4195504-300x200.webp 300w, https:\/\/litua.io\/wp-content\/uploads\/2023\/10\/pexels-karolina-grabowska-4195504-600x400.webp 600w, https:\/\/litua.io\/wp-content\/uploads\/2023\/10\/pexels-karolina-grabowska-4195504-75x50.webp 75w, https:\/\/litua.io\/wp-content\/uploads\/2023\/10\/pexels-karolina-grabowska-4195504.webp 640w\" sizes=\"(max-width: 300px) 100vw, 300px\" \/><\/div><\/a>\n\t\t\t\t<div class=\"elementor-post__avatar\">\n\t\t\t<img alt='Asta Merk' src='https:\/\/secure.gravatar.com\/avatar\/bd49b60daf396750de9a7c6dcdef2aff9cfded6ea98afdd6b8e4021ba47e85c1?s=128&#038;d=mm&#038;r=g' srcset='https:\/\/secure.gravatar.com\/avatar\/bd49b60daf396750de9a7c6dcdef2aff9cfded6ea98afdd6b8e4021ba47e85c1?s=256&#038;d=mm&#038;r=g 2x' class='avatar avatar-128 photo' height='128' width='128' \/>\t\t<\/div>\n\t\t\t\t<div class=\"elementor-post__text\">\n\t\t\t\t<h3 class=\"elementor-post__title\">\n\t\t\t<a href=\"https:\/\/litua.io\/lt\/%d1%82%d0%b5%d1%81%d1%82%d1%8b-a1-a2-b1-b2-c1-c2\/\">\n\t\t\t\tTestai A1, A2, B1, B2, C1, C2\t\t\t<\/a>\n\t\t<\/h3>\n\t\t\t\t<div class=\"elementor-post__excerpt\">\n\t\t\t<p>Norint \u012fgyti Pirm\u0105j\u0105 lietuvi\u0173 kalbos mok\u0117jimo kategorij\u0105, b\u016btina mok\u0117ti A1 ir A2 lygius. A1 lygis \u2013 asmuo geba suprasti ir vartoti<\/p>\n\t\t<\/div>\n\t\t\t\t\t<div class=\"elementor-post__read-more-wrapper\">\n\t\t\n\t\t<a class=\"elementor-post__read-more\" href=\"https:\/\/litua.io\/lt\/%d1%82%d0%b5%d1%81%d1%82%d1%8b-a1-a2-b1-b2-c1-c2\/\" aria-label=\"Skaitykite daugiau apie A1, A2, B1, B2, C1, C2 testus\" tabindex=\"-1\">\n\t\t\tSkaityti daugiau \u00bb\t\t<\/a>\n\n\t\t\t\t\t<\/div>\n\t\t\t\t<\/div>\n\t\t\t\t\t<\/div>\n\t\t<\/article>\n\t\t\t\t<article class=\"elementor-post elementor-grid-item post-6547 post type-post status-publish format-standard has-post-thumbnail hentry category-uncategorized pmpro-has-access\" role=\"listitem\">\n\t\t\t<div class=\"elementor-post__card\">\n\t\t\t\t<a class=\"elementor-post__thumbnail__link\" href=\"https:\/\/litua.io\/lt\/mediateka-filmov\/\" tabindex=\"-1\"><div class=\"elementor-post__thumbnail\"><img decoding=\"async\" width=\"300\" height=\"180\" src=\"https:\/\/litua.io\/wp-content\/uploads\/2021\/02\/fig-19-09-2023_10-53-59-300x180.jpg\" class=\"attachment-medium size-medium wp-image-9407\" alt=\"\" srcset=\"https:\/\/litua.io\/wp-content\/uploads\/2021\/02\/fig-19-09-2023_10-53-59-300x180.jpg 300w, https:\/\/litua.io\/wp-content\/uploads\/2021\/02\/fig-19-09-2023_10-53-59-83x50.jpg 83w, https:\/\/litua.io\/wp-content\/uploads\/2021\/02\/fig-19-09-2023_10-53-59.jpg 500w\" sizes=\"(max-width: 300px) 100vw, 300px\" \/><\/div><\/a>\n\t\t\t\t<div class=\"elementor-post__avatar\">\n\t\t\t<img alt='Asta Merk' src='https:\/\/secure.gravatar.com\/avatar\/bd49b60daf396750de9a7c6dcdef2aff9cfded6ea98afdd6b8e4021ba47e85c1?s=128&#038;d=mm&#038;r=g' srcset='https:\/\/secure.gravatar.com\/avatar\/bd49b60daf396750de9a7c6dcdef2aff9cfded6ea98afdd6b8e4021ba47e85c1?s=256&#038;d=mm&#038;r=g 2x' class='avatar avatar-128 photo' height='128' width='128' \/>\t\t<\/div>\n\t\t\t\t<div class=\"elementor-post__text\">\n\t\t\t\t<h3 class=\"elementor-post__title\">\n\t\t\t<a href=\"https:\/\/litua.io\/lt\/mediateka-filmov\/\">\n\t\t\t\tFilm\u0173 mediateka\t\t\t<\/a>\n\t\t<\/h3>\n\t\t\t\t<div class=\"elementor-post__excerpt\">\n\t\t\t<p>Papildomi savaranki\u0161ko mokymosi i\u0161tekliai. \u017di\u016br\u0117kite m\u0117gstamiausius filmus lietuvi\u0173 kalba: https:\/\/epika.lrt.lt\/ (Jei norite \u017ei\u016br\u0117ti filmus, turite u\u017esiregistruoti platformoje.)<\/p>\n\t\t<\/div>\n\t\t\t\t\t<div class=\"elementor-post__read-more-wrapper\">\n\t\t\n\t\t<a class=\"elementor-post__read-more\" href=\"https:\/\/litua.io\/lt\/mediateka-filmov\/\" aria-label=\"Skaitykite daugiau apie film\u0173 medij\u0173 bibliotek\u0105\" tabindex=\"-1\">\n\t\t\tSkaityti daugiau \u00bb\t\t<\/a>\n\n\t\t\t\t\t<\/div>\n\t\t\t\t<\/div>\n\t\t\t\t\t<\/div>\n\t\t<\/article>\n\t\t\t\t<article class=\"elementor-post elementor-grid-item post-6542 post type-post status-publish format-standard has-post-thumbnail hentry category-uncategorized pmpro-has-access\" role=\"listitem\">\n\t\t\t<div class=\"elementor-post__card\">\n\t\t\t\t<a class=\"elementor-post__thumbnail__link\" href=\"https:\/\/litua.io\/lt\/teleperedacha-euromaxx\/\" tabindex=\"-1\"><div class=\"elementor-post__thumbnail\"><img loading=\"lazy\" decoding=\"async\" width=\"300\" height=\"157\" src=\"https:\/\/litua.io\/wp-content\/uploads\/2023\/08\/Euromaxx-300x157.png\" class=\"attachment-medium size-medium wp-image-8732\" alt=\"Euromaxx\" srcset=\"https:\/\/litua.io\/wp-content\/uploads\/2023\/08\/Euromaxx-300x157.png 300w, https:\/\/litua.io\/wp-content\/uploads\/2023\/08\/Euromaxx-1024x534.png 1024w, https:\/\/litua.io\/wp-content\/uploads\/2023\/08\/Euromaxx-768x401.png 768w, https:\/\/litua.io\/wp-content\/uploads\/2023\/08\/Euromaxx-600x313.png 600w, https:\/\/litua.io\/wp-content\/uploads\/2023\/08\/Euromaxx-96x50.png 96w, https:\/\/litua.io\/wp-content\/uploads\/2023\/08\/Euromaxx.png 1196w\" sizes=\"(max-width: 300px) 100vw, 300px\" \/><\/div><\/a>\n\t\t\t\t<div class=\"elementor-post__avatar\">\n\t\t\t<img alt='Asta Merk' src='https:\/\/secure.gravatar.com\/avatar\/bd49b60daf396750de9a7c6dcdef2aff9cfded6ea98afdd6b8e4021ba47e85c1?s=128&#038;d=mm&#038;r=g' srcset='https:\/\/secure.gravatar.com\/avatar\/bd49b60daf396750de9a7c6dcdef2aff9cfded6ea98afdd6b8e4021ba47e85c1?s=256&#038;d=mm&#038;r=g 2x' class='avatar avatar-128 photo' height='128' width='128' \/>\t\t<\/div>\n\t\t\t\t<div class=\"elementor-post__text\">\n\t\t\t\t<h3 class=\"elementor-post__title\">\n\t\t\t<a href=\"https:\/\/litua.io\/lt\/teleperedacha-euromaxx\/\">\n\t\t\t\tTV laida \u201eEuromaxx\u201c\t\t\t<\/a>\n\t\t<\/h3>\n\t\t\t\t<div class=\"elementor-post__excerpt\">\n\t\t\t<p>LRT \u201eEuromaxx\u201c televizijos laid\u0105 kuria Vokietijos kanalas \u201eDeutsche Welle\u201c. Daug \u012fdomi\u0173 reporta\u017e\u0173 apie Europos \u0161alis, europie\u010dius ir j\u0173 gyvenimo b\u016bd\u0105.<\/p>\n\t\t<\/div>\n\t\t\t\t\t<div class=\"elementor-post__read-more-wrapper\">\n\t\t\n\t\t<a class=\"elementor-post__read-more\" href=\"https:\/\/litua.io\/lt\/teleperedacha-euromaxx\/\" aria-label=\"Skaitykite daugiau apie TV laid\u0105 \u201eEuromaxx\u201c\" tabindex=\"-1\">\n\t\t\tSkaityti daugiau \u00bb\t\t<\/a>\n\n\t\t\t\t\t<\/div>\n\t\t\t\t<\/div>\n\t\t\t\t\t<\/div>\n\t\t<\/article>\n\t\t\t\t<article class=\"elementor-post elementor-grid-item post-6534 post type-post status-publish format-standard has-post-thumbnail hentry category-uncategorized pmpro-has-access\" role=\"listitem\">\n\t\t\t<div class=\"elementor-post__card\">\n\t\t\t\t<a class=\"elementor-post__thumbnail__link\" href=\"https:\/\/litua.io\/lt\/kulinarnoye-shou-beatos-virtuve\/\" tabindex=\"-1\"><div class=\"elementor-post__thumbnail\"><img loading=\"lazy\" decoding=\"async\" width=\"300\" height=\"174\" src=\"https:\/\/litua.io\/wp-content\/uploads\/2023\/08\/Beatos-virtuve-e1695835119566-300x174.png\" class=\"attachment-medium size-medium wp-image-8729\" alt=\"\u041a\u0443\u0445\u043d\u044f \u0411\u0435\u0430\u0442\u044b\" srcset=\"https:\/\/litua.io\/wp-content\/uploads\/2023\/08\/Beatos-virtuve-e1695835119566-300x174.png 300w, https:\/\/litua.io\/wp-content\/uploads\/2023\/08\/Beatos-virtuve-e1695835119566-768x444.png 768w, https:\/\/litua.io\/wp-content\/uploads\/2023\/08\/Beatos-virtuve-e1695835119566-600x347.png 600w, https:\/\/litua.io\/wp-content\/uploads\/2023\/08\/Beatos-virtuve-e1695835119566-86x50.png 86w, https:\/\/litua.io\/wp-content\/uploads\/2023\/08\/Beatos-virtuve-e1695835119566.png 816w\" sizes=\"(max-width: 300px) 100vw, 300px\" \/><\/div><\/a>\n\t\t\t\t<div class=\"elementor-post__avatar\">\n\t\t\t<img alt='Asta Merk' src='https:\/\/secure.gravatar.com\/avatar\/bd49b60daf396750de9a7c6dcdef2aff9cfded6ea98afdd6b8e4021ba47e85c1?s=128&#038;d=mm&#038;r=g' srcset='https:\/\/secure.gravatar.com\/avatar\/bd49b60daf396750de9a7c6dcdef2aff9cfded6ea98afdd6b8e4021ba47e85c1?s=256&#038;d=mm&#038;r=g 2x' class='avatar avatar-128 photo' height='128' width='128' \/>\t\t<\/div>\n\t\t\t\t<div class=\"elementor-post__text\">\n\t\t\t\t<h3 class=\"elementor-post__title\">\n\t\t\t<a href=\"https:\/\/litua.io\/lt\/kulinarnoye-shou-beatos-virtuve\/\">\n\t\t\t\tKulinarijos \u0161ou \u201eBeatos virtuv\u0117\u201c\t\t\t<\/a>\n\t\t<\/h3>\n\t\t\t\t<div class=\"elementor-post__excerpt\">\n\t\t\t<p>Televizijos laidoje \u201eBeatos virtuv\u0117\u201c ved\u0117ja kalba apie maisto gaminim\u0105 (kalbos lygis nuo pradedan\u010diojo iki auk\u0161tesniojo), taip pat kalbasi su<\/p>\n\t\t<\/div>\n\t\t\t\t\t<div class=\"elementor-post__read-more-wrapper\">\n\t\t\n\t\t<a class=\"elementor-post__read-more\" href=\"https:\/\/litua.io\/lt\/kulinarnoye-shou-beatos-virtuve\/\" aria-label=\"Skaitykite daugiau apie kulinarin\u0119 laid\u0105 \u201eBeatos virtuv\u0117\u201c\" tabindex=\"-1\">\n\t\t\tSkaityti daugiau \u00bb\t\t<\/a>\n\n\t\t\t\t\t<\/div>\n\t\t\t\t<\/div>\n\t\t\t\t\t<\/div>\n\t\t<\/article>\n\t\t\t\t<article class=\"elementor-post elementor-grid-item post-6529 post type-post status-publish format-standard has-post-thumbnail hentry category-uncategorized pmpro-has-access\" role=\"listitem\">\n\t\t\t<div class=\"elementor-post__card\">\n\t\t\t\t<a class=\"elementor-post__thumbnail__link\" href=\"https:\/\/litua.io\/lt\/test-dlya-shkolnikov-pervaya-kategoriya\/\" tabindex=\"-1\"><div class=\"elementor-post__thumbnail\"><img loading=\"lazy\" decoding=\"async\" width=\"300\" height=\"200\" src=\"https:\/\/litua.io\/wp-content\/uploads\/2023\/09\/studying-g81ba6acd6_1920-300x200.jpg\" class=\"attachment-medium size-medium wp-image-8746\" alt=\"\u042d\u043a\u0437\u0430\u043c\u0435\u043d\u044b\" srcset=\"https:\/\/litua.io\/wp-content\/uploads\/2023\/09\/studying-g81ba6acd6_1920-300x200.jpg 300w, https:\/\/litua.io\/wp-content\/uploads\/2023\/09\/studying-g81ba6acd6_1920-1024x683.jpg 1024w, https:\/\/litua.io\/wp-content\/uploads\/2023\/09\/studying-g81ba6acd6_1920-768x512.jpg 768w, https:\/\/litua.io\/wp-content\/uploads\/2023\/09\/studying-g81ba6acd6_1920-1536x1024.jpg 1536w, https:\/\/litua.io\/wp-content\/uploads\/2023\/09\/studying-g81ba6acd6_1920-1320x880.jpg 1320w, https:\/\/litua.io\/wp-content\/uploads\/2023\/09\/studying-g81ba6acd6_1920-600x400.jpg 600w, https:\/\/litua.io\/wp-content\/uploads\/2023\/09\/studying-g81ba6acd6_1920-75x50.jpg 75w, https:\/\/litua.io\/wp-content\/uploads\/2023\/09\/studying-g81ba6acd6_1920.jpg 1920w\" sizes=\"(max-width: 300px) 100vw, 300px\" \/><\/div><\/a>\n\t\t\t\t<div class=\"elementor-post__avatar\">\n\t\t\t<img alt='Asta Merk' src='https:\/\/secure.gravatar.com\/avatar\/bd49b60daf396750de9a7c6dcdef2aff9cfded6ea98afdd6b8e4021ba47e85c1?s=128&#038;d=mm&#038;r=g' srcset='https:\/\/secure.gravatar.com\/avatar\/bd49b60daf396750de9a7c6dcdef2aff9cfded6ea98afdd6b8e4021ba47e85c1?s=256&#038;d=mm&#038;r=g 2x' class='avatar avatar-128 photo' height='128' width='128' \/>\t\t<\/div>\n\t\t\t\t<div class=\"elementor-post__text\">\n\t\t\t\t<h3 class=\"elementor-post__title\">\n\t\t\t<a href=\"https:\/\/litua.io\/lt\/test-dlya-shkolnikov-pervaya-kategoriya\/\">\n\t\t\t\tTestas moksleiviams (pirma kategorija)\t\t\t<\/a>\n\t\t<\/h3>\n\t\t\t\t<div class=\"elementor-post__excerpt\">\n\t\t\t<p>Lietuvi\u0173 kalbos testas (A1\u2013A2) moksleiviams (14\u201317 met\u0173). Savikontrol\u0117s testas. Suaugusiesiems tai gali b\u016bti papildoma testavimo priemon\u0117.<\/p>\n\t\t<\/div>\n\t\t\t\t\t<div class=\"elementor-post__read-more-wrapper\">\n\t\t\n\t\t<a class=\"elementor-post__read-more\" href=\"https:\/\/litua.io\/lt\/test-dlya-shkolnikov-pervaya-kategoriya\/\" aria-label=\"Skaitykite daugiau apie test\u0105 moksleiviams (pirma kategorija)\" tabindex=\"-1\">\n\t\t\tSkaityti daugiau \u00bb\t\t<\/a>\n\n\t\t\t\t\t<\/div>\n\t\t\t\t<\/div>\n\t\t\t\t\t<\/div>\n\t\t<\/article>\n\t\t\t\t<\/div>\n\t\t\n\t\t\t\t<div class=\"e-load-more-anchor\" data-page=\"1\" data-max-page=\"2\" data-next-page=\"https:\/\/litua.io\/lt\/wp-json\/wp\/v2\/pages\/9310\/page\/2\/\"><\/div>\n\t\t\t\t<nav class=\"elementor-pagination\" aria-label=\"Puslapavimas\">\n\t\t\t<span aria-current=\"page\" class=\"page-numbers current\"><span class=\"elementor-screen-only\">Puslapis<\/span>1<\/span>\n<a class=\"page-numbers\" href=\"https:\/\/litua.io\/lt\/wp-json\/wp\/v2\/pages\/9310\/page\/2\/\"><span class=\"elementor-screen-only\">Puslapis<\/span>2<\/a>\t\t<\/nav>\n\t\t\t\t\t\t<\/div>\n\t\t\t\t<\/div>\n\t\t\t\t\t<\/div>\n\t\t\t\t<\/div>\n\t\t\t\t<\/div>","protected":false},"excerpt":{"rendered":"<p>Papildomos med\u017eiagos, naudingos nuorodos<\/p>","protected":false},"author":1,"featured_media":0,"parent":0,"menu_order":0,"comment_status":"closed","ping_status":"closed","template":"elementor_header_footer","meta":{"pmpro_default_level":"","_tutorstarter_page_metadata":[],"footnotes":""},"class_list":["post-9310","page","type-page","status-publish","hentry","pmpro-has-access"],"_links":{"self":[{"href":"https:\/\/litua.io\/lt\/wp-json\/wp\/v2\/pages\/9310","targetHints":{"allow":["GET"]}}],"collection":[{"href":"https:\/\/litua.io\/lt\/wp-json\/wp\/v2\/pages"}],"about":[{"href":"https:\/\/litua.io\/lt\/wp-json\/wp\/v2\/types\/page"}],"author":[{"embeddable":true,"href":"https:\/\/litua.io\/lt\/wp-json\/wp\/v2\/users\/1"}],"replies":[{"embeddable":true,"href":"https:\/\/litua.io\/lt\/wp-json\/wp\/v2\/comments?post=9310"}],"version-history":[{"count":1,"href":"https:\/\/litua.io\/lt\/wp-json\/wp\/v2\/pages\/9310\/revisions"}],"predecessor-version":[{"id":10392,"href":"https:\/\/litua.io\/lt\/wp-json\/wp\/v2\/pages\/9310\/revisions\/10392"}],"wp:attachment":[{"href":"https:\/\/litua.io\/lt\/wp-json\/wp\/v2\/media?parent=9310"}],"curies":[{"name":"wp","href":"https:\/\/api.w.org\/{rel}","templated":true}]}}