{"id":10150,"date":"2023-11-05T22:43:52","date_gmt":"2023-11-05T20:43:52","guid":{"rendered":"https:\/\/litua.io\/?post_type=product&#038;p=10150"},"modified":"2023-12-10T23:12:42","modified_gmt":"2023-12-10T21:12:42","slug":"%d0%b8%d0%bd%d1%82%d0%b5%d0%bd%d1%81%d0%b8%d0%b2%d0%bd%d1%8b%d0%b5-%d0%ba%d1%83%d1%80%d1%81%d1%8b-%d0%bb%d0%b8%d1%82%d0%be%d0%b2%d1%81%d0%ba%d0%be%d0%b3%d0%be-%d1%8f%d0%b7%d1%8b%d0%ba%d0%b0-%d0%b2","status":"publish","type":"product","link":"https:\/\/litua.io\/lt\/produktas\/%d0%b8%d0%bd%d1%82%d0%b5%d0%bd%d1%81%d0%b8%d0%b2%d0%bd%d1%8b%d0%b5-%d0%ba%d1%83%d1%80%d1%81%d1%8b-%d0%bb%d0%b8%d1%82%d0%be%d0%b2%d1%81%d0%ba%d0%be%d0%b3%d0%be-%d1%8f%d0%b7%d1%8b%d0%ba%d0%b0-%d0%b2\/","title":{"rendered":"Intensyv\u016bs lietuvi\u0173 kalbos kursai Kaune B1"},"content":{"rendered":"<p>Mokymo programa skirta norintiems pasiekti antr\u0105j\u0105 valstybin\u0117s kalbos mok\u0117jimo kategorij\u0105 (B1 lygis). \u0160i intensyvi programa palengvins integracij\u0105 \u012f darbo rink\u0105; suteiks galimyb\u0119 dirbti pagal i\u0161silavinim\u0105 ir \u012fgyt\u0105 kvalifikacij\u0105 (\u0161vietimo, kult\u016bros, socialin\u0117s apsaugos, paslaug\u0173 ir kt. srityse); palengvins bendravim\u0105 darbo vietoje su klientais ir kolegomis.<\/p>\n<p>Programa daugiausia skirta i\u0161mokti efektyviau bendrauti, reik\u0161ti savo mintis \u012fvairiomis gyvenimo temomis (apie save ir kitus, apie aplink\u0105, kasdien\u0119 veikl\u0105 ir pom\u0117gius, profesij\u0105, sveikat\u0105 ir gerov\u0119) skirtingose \u200b\u200bvietose ir situacijose (medicinos \u012fstaigose ir darbe, prekybos ir paslaug\u0173 teikimo vietose, transporte).<\/p>\n<p><strong>Kurso prad\u017eia:<\/strong> 2023 m. gruodis<\/p>\n<p><span style=\"text-decoration: underline;\"><strong>Kaina: 100%, finansuojama U\u017eimtumo tarnybos.<\/strong><\/span><\/p>\n<p><strong>Trukm\u0117:<\/strong> 2,5 m\u0117nesio.<\/p>\n<p><strong>Pamok\u0173 laikas:<\/strong> Antradieniais, ketvirtadieniais, penktadieniais 18:00\u201321:00 <span style=\"text-decoration: underline;\">ARBA<\/span> Pirmadieniais, tre\u010diadieniais, penktadieniais 9:00\u201312:00 val.<\/p>\n<p><strong>Kurso vieta:<\/strong> Kaunas, I. Kanto g. 25.<\/p>\n<p><strong>D\u0116MESIO!<\/strong> Mokymo programa yra individualizuojama (papildoma, koreguojama) pagal kiekvieno studento poreikius (atsi\u017evelgiant \u012f profesij\u0105, pom\u0117gi\u0173 srit\u012f).<\/p>\n<p>Privalomas reikalavimas: Norint studijuoti pagal \u0161i\u0105 program\u0105, reikia baigti A2 lygio lietuvi\u0173 kalbos kurs\u0105 ir (arba) i\u0161laikyti pirmos kategorijos valstybin\u0117s kalbos egzamin\u0105.<\/p>\n<p><strong>I\u0161ankstin\u0117 registracija \u012f kursus:<\/strong> genio.lizdas@gmail.com<\/p>\n<p>&nbsp;<\/p>\n<p><strong>Kurso temos (<a href=\"https:\/\/gamma.app\/public\/Lietuviu-kalba-pazengusiems-B1-0a4umpl0u1vsdnd\" target=\"_blank\" rel=\"noopener\">daugiau informacijos lietuviu kalba<\/a>):<\/strong><\/p>\n<p>Apie save.<br \/>\n\u0160alis, aplinka ir kult\u016bra.<br \/>\nMokykla, i\u0161silavinimas. Savanoryst\u0117.<br \/>\nKelion\u0117s, transportas.<br \/>\nProfesionali aplinka.<br \/>\nPoilsis ir aktyvus gyvenimas.<br \/>\nDienotvark\u0117. Darbo ir asmeninio gyvenimo pusiausvyra.<br \/>\nSveika mityba ir gyvenimo b\u016bdas. Sveikata. Sveikatos problemos.<br \/>\nInformacin\u0117s technologijos. \u017diniasklaida.<br \/>\nPaslaugos, paslaugos, pirkimai. \u012evairios paslaugos.<br \/>\nGamta, ekologija.<\/p>","protected":false},"excerpt":{"rendered":"<p>Mokymo programa skirta tiems, kurie nori pasiekti antr\u0105j\u0105 valstybin\u0117s kalbos mok\u0117jimo kategorij\u0105 (B1 lygis). \u0160i intensyvi programa pad\u0117s integruotis \u012f rink\u0105.<\/p>","protected":false},"featured_media":10157,"comment_status":"closed","ping_status":"closed","template":"","meta":{"pmpro_default_level":""},"product_brand":[],"product_cat":[138],"product_tag":[],"class_list":{"0":"post-10150","1":"product","2":"type-product","3":"status-publish","4":"has-post-thumbnail","6":"product_cat-100-","7":"pmpro-has-access","9":"first","10":"instock","11":"downloadable","12":"virtual","13":"purchasable","14":"product-type-simple"},"_links":{"self":[{"href":"https:\/\/litua.io\/lt\/wp-json\/wp\/v2\/product\/10150","targetHints":{"allow":["GET"]}}],"collection":[{"href":"https:\/\/litua.io\/lt\/wp-json\/wp\/v2\/product"}],"about":[{"href":"https:\/\/litua.io\/lt\/wp-json\/wp\/v2\/types\/product"}],"replies":[{"embeddable":true,"href":"https:\/\/litua.io\/lt\/wp-json\/wp\/v2\/comments?post=10150"}],"version-history":[{"count":0,"href":"https:\/\/litua.io\/lt\/wp-json\/wp\/v2\/product\/10150\/revisions"}],"wp:featuredmedia":[{"embeddable":true,"href":"https:\/\/litua.io\/lt\/wp-json\/wp\/v2\/media\/10157"}],"wp:attachment":[{"href":"https:\/\/litua.io\/lt\/wp-json\/wp\/v2\/media?parent=10150"}],"wp:term":[{"taxonomy":"product_brand","embeddable":true,"href":"https:\/\/litua.io\/lt\/wp-json\/wp\/v2\/product_brand?post=10150"},{"taxonomy":"product_cat","embeddable":true,"href":"https:\/\/litua.io\/lt\/wp-json\/wp\/v2\/product_cat?post=10150"},{"taxonomy":"product_tag","embeddable":true,"href":"https:\/\/litua.io\/lt\/wp-json\/wp\/v2\/product_tag?post=10150"}],"curies":[{"name":"wp","href":"https:\/\/api.w.org\/{rel}","templated":true}]}}