{"id":10305,"date":"2024-08-08T22:58:57","date_gmt":"2024-08-08T19:58:57","guid":{"rendered":"https:\/\/litua.io\/?post_type=product&#038;p=10305"},"modified":"2024-08-08T23:56:07","modified_gmt":"2024-08-08T20:56:07","slug":"%d0%bb%d0%b8%d1%82%d0%be%d0%b2%d1%81%d0%ba%d0%b8%d0%b9-%d1%8f%d0%b7%d1%8b%d0%ba-%d0%b4%d0%bb%d1%8f-%d0%bd%d0%b0%d1%87%d0%b8%d0%bd%d0%b0%d1%8e%d1%89%d0%b8%d1%85","status":"publish","type":"product","link":"https:\/\/litua.io\/lt\/produktas\/%d0%bb%d0%b8%d1%82%d0%be%d0%b2%d1%81%d0%ba%d0%b8%d0%b9-%d1%8f%d0%b7%d1%8b%d0%ba-%d0%b4%d0%bb%d1%8f-%d0%bd%d0%b0%d1%87%d0%b8%d0%bd%d0%b0%d1%8e%d1%89%d0%b8%d1%85\/","title":{"rendered":"Lietuvi\u0173 kalba pradedantiesiems A1"},"content":{"rendered":"<p>Programa skirta paslaug\u0173, gamybos, prekybos, transporto ir kit\u0173 sri\u010di\u0173 darbuotojams, kuriems tenka bendrauti su asmenimis ir (arba) pildyti standartines darbo dokument\u0173 formas (vairuotojams, klient\u0173 aptarnaujantiems darbuotojams, padav\u0117jams, pardav\u0117jams ir kitiems specialistams, kit\u0173 ekonomini\u0173 ar technini\u0173 funkcij\u0173 darbuotojams).<\/p>\n<p>Programa pad\u0117s laikinai Lietuvoje gyvenantiems asmenims i\u0161mokti lietuvi\u0173 kalbos, kad jie gal\u0117t\u0173 dirbti ne tik nekvalifikuot\u0105 darb\u0105, kuriam reikalingas ribotas bendravimas su klientais valstybine kalba (pardavim\u0173 darbuotojai, klient\u0173 aptarnavimo darbuotojai, vairuotojai, gamykl\u0173 darbuotojai), bet ir kvalifikuot\u0105 darb\u0105 atliekantiems asmenims, jei kalbos mok\u0117jimas reikalingas ne klient\u0173 aptarnavimui, o bendravimui su kolegomis darbo vietoje.<\/p>\n<p>\u0160i programa taip pat skirta laikinai gyvenantiems ir dirbantiems Lietuvoje (tarptautini\u0173 kompanij\u0173, ambasad\u0173 darbuotojams) kaip pirmasis kalbos mokymosi etapas.<\/p>\n<p>Daugiau apie U\u017eimtumo tarnybos finansavim\u0105 <a href=\"https:\/\/uzt.lt\/ru\/kursy-litovskogo-jazyka\/342\" target=\"_blank\" rel=\"noopener\">\u010cia.<\/a><\/p>\n<div id=\"eJOY__extension_root\" class=\"eJOY__extension_root_class\" style=\"all: unset;\"><\/div>","protected":false},"excerpt":{"rendered":"<p>Programa skirta paslaug\u0173 sektoriaus, gamybos, prekybos, transporto ir kit\u0173 sri\u010di\u0173 darbuotojams.<\/p>\n<div id=\"eJOY__extension_root\" class=\"eJOY__extension_root_class\" style=\"all: unset;\"><\/div>","protected":false},"featured_media":10306,"comment_status":"open","ping_status":"closed","template":"","meta":{"pmpro_default_level":""},"product_brand":[],"product_cat":[138,139],"product_tag":[],"class_list":{"0":"post-10305","1":"product","2":"type-product","3":"status-publish","4":"has-post-thumbnail","6":"product_cat-100-","7":"product_cat-a1","8":"pmpro-has-access","10":"first","11":"instock","12":"virtual","13":"sold-individually","14":"purchasable","15":"product-type-simple"},"_links":{"self":[{"href":"https:\/\/litua.io\/lt\/wp-json\/wp\/v2\/product\/10305","targetHints":{"allow":["GET"]}}],"collection":[{"href":"https:\/\/litua.io\/lt\/wp-json\/wp\/v2\/product"}],"about":[{"href":"https:\/\/litua.io\/lt\/wp-json\/wp\/v2\/types\/product"}],"replies":[{"embeddable":true,"href":"https:\/\/litua.io\/lt\/wp-json\/wp\/v2\/comments?post=10305"}],"version-history":[{"count":4,"href":"https:\/\/litua.io\/lt\/wp-json\/wp\/v2\/product\/10305\/revisions"}],"predecessor-version":[{"id":10309,"href":"https:\/\/litua.io\/lt\/wp-json\/wp\/v2\/product\/10305\/revisions\/10309"}],"wp:featuredmedia":[{"embeddable":true,"href":"https:\/\/litua.io\/lt\/wp-json\/wp\/v2\/media\/10306"}],"wp:attachment":[{"href":"https:\/\/litua.io\/lt\/wp-json\/wp\/v2\/media?parent=10305"}],"wp:term":[{"taxonomy":"product_brand","embeddable":true,"href":"https:\/\/litua.io\/lt\/wp-json\/wp\/v2\/product_brand?post=10305"},{"taxonomy":"product_cat","embeddable":true,"href":"https:\/\/litua.io\/lt\/wp-json\/wp\/v2\/product_cat?post=10305"},{"taxonomy":"product_tag","embeddable":true,"href":"https:\/\/litua.io\/lt\/wp-json\/wp\/v2\/product_tag?post=10305"}],"curies":[{"name":"wp","href":"https:\/\/api.w.org\/{rel}","templated":true}]}}