{"id":8774,"date":"2023-09-01T20:45:53","date_gmt":"2023-09-01T17:45:53","guid":{"rendered":"https:\/\/litua.io\/?post_type=product&#038;p=8774"},"modified":"2023-10-13T23:35:32","modified_gmt":"2023-10-13T20:35:32","slug":"%d0%bf%d0%be%d0%b4%d0%b3%d0%be%d1%82%d0%be%d0%b2%d0%ba%d0%b0-%d0%ba-%d1%8d%d0%ba%d0%b7%d0%b0%d0%bc%d0%b5%d0%bd%d1%83-%d0%bf%d0%be-%d0%bb%d0%b8%d1%82%d0%be%d0%b2%d1%81%d0%ba%d0%be%d0%bc%d1%83-%d1%8f","status":"publish","type":"product","link":"https:\/\/litua.io\/lt\/produktas\/%d0%bf%d0%be%d0%b4%d0%b3%d0%be%d1%82%d0%be%d0%b2%d0%ba%d0%b0-%d0%ba-%d1%8d%d0%ba%d0%b7%d0%b0%d0%bc%d0%b5%d0%bd%d1%83-%d0%bf%d0%be-%d0%bb%d0%b8%d1%82%d0%be%d0%b2%d1%81%d0%ba%d0%be%d0%bc%d1%83-%d1%8f\/","title":{"rendered":"Pasirengimas antros kategorijos lietuvi\u0173 kalbos egzaminui"},"content":{"rendered":"<p><strong>1 valandos (60 min.) konsultacija<\/strong> prie\u0161 egzamin\u0105. Reikalavimai, u\u017eduotys, u\u017eduo\u010di\u0173 paai\u0161kinimas.<\/p>\n<p>Patarim\u0173 apie \u0161i\u0105 mokymo platform\u0105 galite gauti per \u201eGoogle Meet\u201c.<\/p>\n<p>1. Pasirinkite jums patog\u0173 laik\u0105.<br \/>\n2. Gaukite patvirtinim\u0105 ir prisijungimo duomenis prie \u201eGoogle Meet\u201c.<br \/>\n3. Prisijunkite prie \u201eGoogle Meet\u201c konferencijos sutartu laiku.<\/p>\n<p><span style=\"text-decoration: underline;\">Pastaba.<\/span> Jei kilt\u0173 sunkum\u0173 naudojantis informacin\u0117mis technologijomis, mes jums paskambinsime ir pad\u0117sime prisijungti prie individualios konsultacijos.<\/p>","protected":false},"excerpt":{"rendered":"<p>1 \u0447\u0430\u0441 (60 \u043c\u0438\u043d.) \u043a\u043e\u043d\u0441\u0443\u043b\u044c\u0442\u0430\u0446\u0438\u044f \u043f\u0435\u0440\u0435\u0434 \u044d\u043a\u0437\u0430\u043c\u0435\u043d\u043e\u043c. \u0422\u0440\u0435\u0431\u043e\u0432\u0430\u043d\u0438\u044f, \u0437\u0430\u0434\u0430\u043d\u0438\u044f, \u043e\u0431\u044a\u044f\u0441\u043d\u0435\u043d\u0438\u0435 \u0437\u0430\u0434\u0430\u043d\u0438\u0439. \u041f\u043e\u043b\u0443\u0447\u0438\u0442\u044c \u043a\u043e\u043d\u0441\u0443\u043b\u044c\u0442\u0430\u0446\u0438\u044e \u043d\u0430 \u044d\u0442\u043e\u0439 \u043e\u0431\u0443\u0447\u0430\u044e\u0449\u0435\u0439 \u043f\u043b\u0430\u0442\u0444\u043e\u0440\u043c\u0435 \u043c\u043e\u0436\u043d\u043e \u0447\u0435\u0440\u0435\u0437 &#171;Google<\/p>","protected":false},"featured_media":7695,"comment_status":"closed","ping_status":"closed","template":"","meta":{"pmpro_default_level":""},"product_brand":[],"product_cat":[107,106],"product_tag":[],"class_list":{"0":"post-8774","1":"product","2":"type-product","3":"status-publish","4":"has-post-thumbnail","6":"product_cat-107","7":"product_cat-106","8":"pmpro-has-access","10":"first","11":"instock","12":"virtual","13":"sold-individually","14":"purchasable","15":"product-type-simple"},"_links":{"self":[{"href":"https:\/\/litua.io\/lt\/wp-json\/wp\/v2\/product\/8774","targetHints":{"allow":["GET"]}}],"collection":[{"href":"https:\/\/litua.io\/lt\/wp-json\/wp\/v2\/product"}],"about":[{"href":"https:\/\/litua.io\/lt\/wp-json\/wp\/v2\/types\/product"}],"replies":[{"embeddable":true,"href":"https:\/\/litua.io\/lt\/wp-json\/wp\/v2\/comments?post=8774"}],"version-history":[{"count":0,"href":"https:\/\/litua.io\/lt\/wp-json\/wp\/v2\/product\/8774\/revisions"}],"wp:featuredmedia":[{"embeddable":true,"href":"https:\/\/litua.io\/lt\/wp-json\/wp\/v2\/media\/7695"}],"wp:attachment":[{"href":"https:\/\/litua.io\/lt\/wp-json\/wp\/v2\/media?parent=8774"}],"wp:term":[{"taxonomy":"product_brand","embeddable":true,"href":"https:\/\/litua.io\/lt\/wp-json\/wp\/v2\/product_brand?post=8774"},{"taxonomy":"product_cat","embeddable":true,"href":"https:\/\/litua.io\/lt\/wp-json\/wp\/v2\/product_cat?post=8774"},{"taxonomy":"product_tag","embeddable":true,"href":"https:\/\/litua.io\/lt\/wp-json\/wp\/v2\/product_tag?post=8774"}],"curies":[{"name":"wp","href":"https:\/\/api.w.org\/{rel}","templated":true}]}}