{"id":8775,"date":"2023-09-01T20:48:10","date_gmt":"2023-09-01T17:48:10","guid":{"rendered":"https:\/\/litua.io\/?post_type=product&#038;p=8775"},"modified":"2023-10-04T10:34:06","modified_gmt":"2023-10-04T07:34:06","slug":"1-%d0%bd%d0%b5%d0%b4%d0%b5%d0%bb%d1%8f-%d0%b8%d0%bd%d1%82%d0%b5%d0%bd%d1%81%d0%b8%d0%b2%d0%bd%d1%8b%d1%85-%d0%ba%d1%83%d1%80%d1%81%d0%be%d0%b2-%d0%bb%d0%b8%d1%82%d0%be%d0%b2%d1%81%d0%ba%d0%be%d0%b3","status":"publish","type":"product","link":"https:\/\/litua.io\/lt\/produktas\/1-%d0%bd%d0%b5%d0%b4%d0%b5%d0%bb%d1%8f-%d0%b8%d0%bd%d1%82%d0%b5%d0%bd%d1%81%d0%b8%d0%b2%d0%bd%d1%8b%d1%85-%d0%ba%d1%83%d1%80%d1%81%d0%be%d0%b2-%d0%bb%d0%b8%d1%82%d0%be%d0%b2%d1%81%d0%ba%d0%be%d0%b3\/","title":{"rendered":"Nuo\u0161al\u0117 \u012fmon\u0117s darbuotojams (iki 10 \u017emoni\u0173)"},"content":{"rendered":"<p><strong>1 savait\u0117s intensyv\u016bs lietuvi\u0173 kalbos kursai \u012fmon\u0117s darbuotojams (iki 10 \u017emoni\u0173). Tai gyvi lietuvi\u0173 kalbos kursai bet kuriame Lietuvos mieste.<\/strong><\/p>\n<p>Nuo\u0161al\u0117 \u2013 tai laikas, kai visi j\u016bs\u0173 \u012fmon\u0117s darbuotojai dirba kartu ne biure, da\u017eniausiai kurortiniame miestelyje. Tai puikus metas ne tik dirbti ir leisti laik\u0105 kartu, bet ir gali b\u016bti puiki proga intensyviai mokytis lietuvi\u0173 kalbos.<\/p>\n<p>Kursus veda mokymo programos autorius <strong>Asta Merk<\/strong>.<\/p>\n<p>&nbsp;<\/p>\n<p><strong>30 akademini\u0173 valand\u0173<\/strong> X <strong>10 \u017emoni\u0173<\/strong><\/p>\n<p>Vienos akademin\u0117s valandos kaina <strong>5,0 eur\u0173 <\/strong>vienam asmeniui.<\/p>\n<p>Jei u\u017esakysite \u0161iuos kursus savo \u012fmonei, pateiksime jums s\u0105skaitas fakt\u016bras.<\/p>\n<p>&nbsp;<\/p>\n<p>&nbsp;<\/p>","protected":false},"excerpt":{"rendered":"<p>Vienos savait\u0117s intensyv\u016bs lietuvi\u0173 kalbos kursai \u012fmon\u0117s darbuotojams (iki 10 \u017emoni\u0173). Tai gyvi lietuvi\u0173 kalbos kursai bet kuriame mieste.<\/p>","protected":false},"featured_media":7702,"comment_status":"closed","ping_status":"closed","template":"","meta":{"pmpro_default_level":""},"product_brand":[],"product_cat":[15],"product_tag":[],"class_list":{"0":"post-8775","1":"product","2":"type-product","3":"status-publish","4":"has-post-thumbnail","6":"product_cat-uncategorized","7":"pmpro-has-access","9":"first","10":"instock","11":"virtual","12":"sold-individually","13":"product-type-simple"},"_links":{"self":[{"href":"https:\/\/litua.io\/lt\/wp-json\/wp\/v2\/product\/8775","targetHints":{"allow":["GET"]}}],"collection":[{"href":"https:\/\/litua.io\/lt\/wp-json\/wp\/v2\/product"}],"about":[{"href":"https:\/\/litua.io\/lt\/wp-json\/wp\/v2\/types\/product"}],"replies":[{"embeddable":true,"href":"https:\/\/litua.io\/lt\/wp-json\/wp\/v2\/comments?post=8775"}],"version-history":[{"count":0,"href":"https:\/\/litua.io\/lt\/wp-json\/wp\/v2\/product\/8775\/revisions"}],"wp:featuredmedia":[{"embeddable":true,"href":"https:\/\/litua.io\/lt\/wp-json\/wp\/v2\/media\/7702"}],"wp:attachment":[{"href":"https:\/\/litua.io\/lt\/wp-json\/wp\/v2\/media?parent=8775"}],"wp:term":[{"taxonomy":"product_brand","embeddable":true,"href":"https:\/\/litua.io\/lt\/wp-json\/wp\/v2\/product_brand?post=8775"},{"taxonomy":"product_cat","embeddable":true,"href":"https:\/\/litua.io\/lt\/wp-json\/wp\/v2\/product_cat?post=8775"},{"taxonomy":"product_tag","embeddable":true,"href":"https:\/\/litua.io\/lt\/wp-json\/wp\/v2\/product_tag?post=8775"}],"curies":[{"name":"wp","href":"https:\/\/api.w.org\/{rel}","templated":true}]}}