{"id":9343,"date":"2023-09-17T20:35:25","date_gmt":"2023-09-17T17:35:25","guid":{"rendered":"https:\/\/litua.io\/?post_type=product&#038;p=9343"},"modified":"2024-04-11T01:13:00","modified_gmt":"2024-04-10T22:13:00","slug":"%d0%ba%d1%83%d1%80%d1%81%d1%8b-online-%d0%bb%d0%b8%d1%82%d0%be%d0%b2%d1%81%d0%ba%d0%be%d0%b3%d0%be-%d1%8f%d0%b7%d1%8b%d0%ba%d0%b0-4-%d0%bc%d0%b5%d1%81%d1%8f%d1%86%d0%b0-%d0%b4%d0%bb%d1%8f-%d1%81","status":"publish","type":"product","link":"https:\/\/litua.io\/lt\/produktas\/%d0%ba%d1%83%d1%80%d1%81%d1%8b-online-%d0%bb%d0%b8%d1%82%d0%be%d0%b2%d1%81%d0%ba%d0%be%d0%b3%d0%be-%d1%8f%d0%b7%d1%8b%d0%ba%d0%b0-4-%d0%bc%d0%b5%d1%81%d1%8f%d1%86%d0%b0-%d0%b4%d0%bb%d1%8f-%d1%81\/","title":{"rendered":"INTERNETINIAI Lietuvi\u0173 kalbos kursai (4 m\u0117n.) \u012fmoni\u0173 darbuotojams su Asta Merk"},"content":{"rendered":"<p>Kursai pritaikyti grup\u0117s lygiui: pradedantiesiems (A1.1, A1.2; A2.1, A2.2), pa\u017eengusiems (B1.1 ir kt.).<\/p>\n<p>Mokymo med\u017eiag\u0105 galima papildyti j\u016bs\u0173 \u012fmon\u0117s darbuotojams reikalingomis temomis: paslaugomis, IT, medicina, pedagogika ir kt.<\/p>\n<p>Kurso apimtis \u2013 <strong>60 akademini\u0173 valand\u0173<\/strong> (2 u\u017esi\u0117mimai per savait\u0119, po 1,5 val.).<\/p>\n<p><strong>PATARIMAS!!!<\/strong><\/p>\n<p><span style=\"text-decoration: underline;\">Prie\u0161 \u012fsigydami kursus, susisiekite su mumis telefonu arba el. pa\u0161tu.<\/span> ir aptarti individualius \u012fmon\u0117s poreikius, susitarti d\u0117l mokym\u0173 laiko ir vis\u0173 kit\u0173 s\u0105lyg\u0173.<\/p>\n<p>Visk\u0105 aptarsime ir pasira\u0161ysime sutart\u012f. Apsvarstysime mok\u0117jimo niuansus. <span style=\"text-decoration: underline;\">Galimas mok\u0117jimas dalimis.<\/span><\/p>\n<p>&nbsp;<\/p>","protected":false},"excerpt":{"rendered":"<p>Kursai pritaikyti grup\u0117s lygiui: pradedantiesiems (A1.1, A1.2; A2.1, A2.2), pa\u017eengusiems (B1.1 ir kt.). Mokomoji med\u017eiaga gali b\u016bti papildyta temomis,<\/p>","protected":false},"featured_media":7690,"comment_status":"closed","ping_status":"closed","template":"","meta":{"pmpro_default_level":""},"product_brand":[],"product_cat":[15],"product_tag":[],"class_list":{"0":"post-9343","1":"product","2":"type-product","3":"status-publish","4":"has-post-thumbnail","6":"product_cat-uncategorized","7":"pmpro-has-access","9":"first","10":"instock","11":"virtual","12":"sold-individually","13":"product-type-simple"},"_links":{"self":[{"href":"https:\/\/litua.io\/lt\/wp-json\/wp\/v2\/product\/9343","targetHints":{"allow":["GET"]}}],"collection":[{"href":"https:\/\/litua.io\/lt\/wp-json\/wp\/v2\/product"}],"about":[{"href":"https:\/\/litua.io\/lt\/wp-json\/wp\/v2\/types\/product"}],"replies":[{"embeddable":true,"href":"https:\/\/litua.io\/lt\/wp-json\/wp\/v2\/comments?post=9343"}],"version-history":[{"count":0,"href":"https:\/\/litua.io\/lt\/wp-json\/wp\/v2\/product\/9343\/revisions"}],"wp:featuredmedia":[{"embeddable":true,"href":"https:\/\/litua.io\/lt\/wp-json\/wp\/v2\/media\/7690"}],"wp:attachment":[{"href":"https:\/\/litua.io\/lt\/wp-json\/wp\/v2\/media?parent=9343"}],"wp:term":[{"taxonomy":"product_brand","embeddable":true,"href":"https:\/\/litua.io\/lt\/wp-json\/wp\/v2\/product_brand?post=9343"},{"taxonomy":"product_cat","embeddable":true,"href":"https:\/\/litua.io\/lt\/wp-json\/wp\/v2\/product_cat?post=9343"},{"taxonomy":"product_tag","embeddable":true,"href":"https:\/\/litua.io\/lt\/wp-json\/wp\/v2\/product_tag?post=9343"}],"curies":[{"name":"wp","href":"https:\/\/api.w.org\/{rel}","templated":true}]}}