{"id":9833,"date":"2023-10-03T23:45:05","date_gmt":"2023-10-03T20:45:05","guid":{"rendered":"https:\/\/litua.io\/?post_type=product&#038;p=9833"},"modified":"2023-10-13T23:45:01","modified_gmt":"2023-10-13T20:45:01","slug":"%d0%bf%d0%be%d0%b4%d0%b3%d0%be%d1%82%d0%be%d0%b2%d0%ba%d0%b0-%d0%ba-%d1%8d%d0%ba%d0%b7%d0%b0%d0%bc%d0%b5%d0%bd%d1%83-%d0%bf%d0%be-%d0%bb%d0%b8%d1%82%d0%be%d0%b2%d1%81%d0%ba%d0%be%d0%bc%d1%83-%d1%8f-2","status":"publish","type":"product","link":"https:\/\/litua.io\/lt\/produktas\/%d0%bf%d0%be%d0%b4%d0%b3%d0%be%d1%82%d0%be%d0%b2%d0%ba%d0%b0-%d0%ba-%d1%8d%d0%ba%d0%b7%d0%b0%d0%bc%d0%b5%d0%bd%d1%83-%d0%bf%d0%be-%d0%bb%d0%b8%d1%82%d0%be%d0%b2%d1%81%d0%ba%d0%be%d0%bc%d1%83-%d1%8f-2\/","title":{"rendered":"Pasirengimas lietuvi\u0173 kalbos egzaminui (2 kategorija) poroje su draugu"},"content":{"rendered":"<p>Pasirengimas lietuvi\u0173 kalbos egzaminui (antra kategorija) poroje su draugu.<\/p>\n<p><strong>1 valandos (60 min.) konsultacija<\/strong> prie\u0161 egzamin\u0105. Reikalavimai, u\u017eduotys, u\u017eduo\u010di\u0173 paai\u0161kinimas.<\/p>\n<p>Pasiruo\u0161kite egzaminui su draugu ir pasidalykite i\u0161laidomis!<\/p>\n<p>Patarim\u0173 apie \u0161i\u0105 mokymo platform\u0105 galite gauti per \u201eGoogle Meet\u201c.<\/p>\n<p>1. Pasirinkite jums patog\u0173 laik\u0105.<br \/>\n2. Gaukite patvirtinim\u0105 ir prisijungimo duomenis prie \u201eGoogle Meet\u201c.<br \/>\n3. Prisijunkite prie \u201eGoogle Meet\u201c konferencijos sutartu laiku.<\/p>\n<p><span style=\"text-decoration: underline;\">Pastaba.<\/span> Jei kilt\u0173 sunkum\u0173 naudojantis informacin\u0117mis technologijomis, mes jums paskambinsime ir pad\u0117sime prisijungti prie individualios konsultacijos.<\/p>","protected":false},"excerpt":{"rendered":"<p>Pasirengimas lietuvi\u0173 kalbos egzaminui (antra kategorija) poroje su draugu.<\/p>\n<p><strong>1 valandos (60 min.) konsultacija<\/strong> prie\u0161 egzamin\u0105. Reikalavimai, u\u017eduotys, u\u017eduo\u010di\u0173 paai\u0161kinimas.<\/p>\n<p>Pasiruo\u0161kite egzaminui su draugu ir pasidalykite i\u0161laidomis!<\/p>","protected":false},"featured_media":9838,"comment_status":"closed","ping_status":"closed","template":"","meta":{"pmpro_default_level":""},"product_brand":[],"product_cat":[107,106],"product_tag":[],"class_list":{"0":"post-9833","1":"product","2":"type-product","3":"status-publish","4":"has-post-thumbnail","6":"product_cat-107","7":"product_cat-106","8":"pmpro-has-access","10":"first","11":"instock","12":"virtual","13":"sold-individually","14":"purchasable","15":"product-type-simple"},"_links":{"self":[{"href":"https:\/\/litua.io\/lt\/wp-json\/wp\/v2\/product\/9833","targetHints":{"allow":["GET"]}}],"collection":[{"href":"https:\/\/litua.io\/lt\/wp-json\/wp\/v2\/product"}],"about":[{"href":"https:\/\/litua.io\/lt\/wp-json\/wp\/v2\/types\/product"}],"replies":[{"embeddable":true,"href":"https:\/\/litua.io\/lt\/wp-json\/wp\/v2\/comments?post=9833"}],"version-history":[{"count":0,"href":"https:\/\/litua.io\/lt\/wp-json\/wp\/v2\/product\/9833\/revisions"}],"wp:featuredmedia":[{"embeddable":true,"href":"https:\/\/litua.io\/lt\/wp-json\/wp\/v2\/media\/9838"}],"wp:attachment":[{"href":"https:\/\/litua.io\/lt\/wp-json\/wp\/v2\/media?parent=9833"}],"wp:term":[{"taxonomy":"product_brand","embeddable":true,"href":"https:\/\/litua.io\/lt\/wp-json\/wp\/v2\/product_brand?post=9833"},{"taxonomy":"product_cat","embeddable":true,"href":"https:\/\/litua.io\/lt\/wp-json\/wp\/v2\/product_cat?post=9833"},{"taxonomy":"product_tag","embeddable":true,"href":"https:\/\/litua.io\/lt\/wp-json\/wp\/v2\/product_tag?post=9833"}],"curies":[{"name":"wp","href":"https:\/\/api.w.org\/{rel}","templated":true}]}}